{"id":374,"date":"2026-01-13T16:45:52","date_gmt":"2026-01-13T15:45:52","guid":{"rendered":"https:\/\/exwhungary.com\/%e8%81%94%e7%b3%bb%e6%96%b9%e5%bc%8f\/"},"modified":"2026-02-13T00:01:55","modified_gmt":"2026-02-12T23:01:55","slug":"%e8%81%94%e7%b3%bb%e6%96%b9%e5%bc%8f","status":"publish","type":"page","link":"https:\/\/exwhungary.com\/zh-hans\/%e8%81%94%e7%b3%bb%e6%96%b9%e5%bc%8f\/","title":{"rendered":"\u8054\u7cfb\u65b9\u5f0f"},"content":{"rendered":"\t\t<div data-elementor-type=\"wp-page\" data-elementor-id=\"374\" class=\"elementor elementor-374 elementor-67\" data-elementor-settings=\"{&quot;element_pack_global_tooltip_width&quot;:{&quot;unit&quot;:&quot;px&quot;,&quot;size&quot;:&quot;&quot;,&quot;sizes&quot;:[]},&quot;element_pack_global_tooltip_width_tablet&quot;:{&quot;unit&quot;:&quot;px&quot;,&quot;size&quot;:&quot;&quot;,&quot;sizes&quot;:[]},&quot;element_pack_global_tooltip_width_mobile&quot;:{&quot;unit&quot;:&quot;px&quot;,&quot;size&quot;:&quot;&quot;,&quot;sizes&quot;:[]},&quot;element_pack_global_tooltip_padding&quot;:{&quot;unit&quot;:&quot;px&quot;,&quot;top&quot;:&quot;&quot;,&quot;right&quot;:&quot;&quot;,&quot;bottom&quot;:&quot;&quot;,&quot;left&quot;:&quot;&quot;,&quot;isLinked&quot;:true},&quot;element_pack_global_tooltip_padding_tablet&quot;:{&quot;unit&quot;:&quot;px&quot;,&quot;top&quot;:&quot;&quot;,&quot;right&quot;:&quot;&quot;,&quot;bottom&quot;:&quot;&quot;,&quot;left&quot;:&quot;&quot;,&quot;isLinked&quot;:true},&quot;element_pack_global_tooltip_padding_mobile&quot;:{&quot;unit&quot;:&quot;px&quot;,&quot;top&quot;:&quot;&quot;,&quot;right&quot;:&quot;&quot;,&quot;bottom&quot;:&quot;&quot;,&quot;left&quot;:&quot;&quot;,&quot;isLinked&quot;:true},&quot;element_pack_global_tooltip_border_radius&quot;:{&quot;unit&quot;:&quot;px&quot;,&quot;top&quot;:&quot;&quot;,&quot;right&quot;:&quot;&quot;,&quot;bottom&quot;:&quot;&quot;,&quot;left&quot;:&quot;&quot;,&quot;isLinked&quot;:true},&quot;element_pack_global_tooltip_border_radius_tablet&quot;:{&quot;unit&quot;:&quot;px&quot;,&quot;top&quot;:&quot;&quot;,&quot;right&quot;:&quot;&quot;,&quot;bottom&quot;:&quot;&quot;,&quot;left&quot;:&quot;&quot;,&quot;isLinked&quot;:true},&quot;element_pack_global_tooltip_border_radius_mobile&quot;:{&quot;unit&quot;:&quot;px&quot;,&quot;top&quot;:&quot;&quot;,&quot;right&quot;:&quot;&quot;,&quot;bottom&quot;:&quot;&quot;,&quot;left&quot;:&quot;&quot;,&quot;isLinked&quot;:true}}\" data-elementor-post-type=\"page\">\n\t\t\t\t\t\t<section class=\"elementor-section elementor-top-section elementor-element elementor-element-512ea24 elementor-section-boxed elementor-section-height-default elementor-section-height-default\" data-id=\"512ea24\" data-element_type=\"section\">\n\t\t\t\t\t\t<div class=\"elementor-container elementor-column-gap-default\">\n\t\t\t\t\t<div class=\"elementor-column elementor-col-100 elementor-top-column elementor-element elementor-element-690f662\" data-id=\"690f662\" data-element_type=\"column\">\n\t\t\t<div class=\"elementor-widget-wrap elementor-element-populated\">\n\t\t\t\t\t\t<div class=\"elementor-element elementor-element-56cb69e elementor-widget elementor-widget-spacer\" data-id=\"56cb69e\" data-element_type=\"widget\" data-widget_type=\"spacer.default\">\n\t\t\t\t\t\t\t<div class=\"elementor-spacer\">\n\t\t\t<div class=\"elementor-spacer-inner\"><\/div>\n\t\t<\/div>\n\t\t\t\t\t\t<\/div>\n\t\t\t\t<div class=\"elementor-element elementor-element-28e021f elementor-widget elementor-widget-bdt-advanced-heading\" data-id=\"28e021f\" data-element_type=\"widget\" data-widget_type=\"bdt-advanced-heading.default\">\n\t\t\t\t\t<div id =\"28e021f\" class=\"bdt-ep-advanced-heading\" data-settings=\"{&quot;titleMultiColor&quot;:&quot;no&quot;}\"><h2 class=\"bdt-ep-advanced-heading-title\"><span class=\"bdt-ep-advanced-heading-main-title\"><span class=\"bdt-ep-advanced-heading-main-title-inner\">\u8054\u7cfb\u6211\u4eec<\/span><span class=\"line bdt-button-icon-align-bottom\"><\/span><\/span><\/h2><\/div>\t\t\t\t<\/div>\n\t\t\t\t<div class=\"elementor-element elementor-element-ca69195 elementor-widget elementor-widget-text-editor\" data-id=\"ca69195\" data-element_type=\"widget\" data-widget_type=\"text-editor.default\">\n\t\t\t\t\t\t\t\t\t<p>\u5982\u679c\u60a8\u5bf9\u6211\u4eec\u7684\u670d\u52a1\u6709\u4efb\u4f55\u7591\u95ee\uff0c\u9700\u8981\u62a5\u4ef7\u6216\u5728\u8fd0\u8f93\u548c\u7269\u6d41\u8fc7\u7a0b\u4e2d\u9700\u8981\u652f\u6301\uff0c\u6211\u4eec\u7684\u56e2\u961f\u968f\u65f6\u51c6\u5907\u4e3a\u60a8\u63d0\u4f9b\u5e2e\u52a9\u3002<\/p><p>\u5bf9\u4e8e EXW Hungary Kft.\u800c\u8a00\uff0c\u5feb\u901f\u3001\u51c6\u786e\u548c\u900f\u660e\u7684\u6c9f\u901a\u81f3\u5173\u91cd\u8981\u3002\u6211\u4eec\u5c06\u5728\u77ed\u65f6\u95f4\u5185\u5904\u7406\u6240\u6709\u54a8\u8be2\uff0c\u5e76\u901a\u8fc7\u60a8\u63d0\u4f9b\u7684\u7535\u5b50\u90ae\u4ef6\u5730\u5740\u4e0e\u60a8\u8054\u7cfb\u3002  <\/p><p><strong>\u8bf7\u586b\u5199\u4e0b\u8868\u4e0e\u6211\u4eec\u8054\u7cfb\u3002<\/strong><br><strong>\u6211\u4eec\u7684\u4e13\u5bb6\u5c06\u5c3d\u5feb\u56de\u590d\u3002<\/strong><\/p>\t\t\t\t\t\t\t\t<\/div>\n\t\t\t\t<div class=\"elementor-element elementor-element-8fb483d elementor-widget__width-initial fluent-form-widget-step-header-yes fluent-form-widget-step-progressbar-yes fluentform-widget-submit-button-custom elementor-widget elementor-widget-fluent-form-widget\" data-id=\"8fb483d\" data-element_type=\"widget\" data-widget_type=\"fluent-form-widget.default\">\n\t\t\t\t<div class=\"elementor-widget-container\">\n\t\t\t\t\t\n            <div class=\"fluentform-widget-wrapper fluentform-widget-custom-radio-checkbox fluentform-widget-align-center\">\n\n            \n            <div class='fluentform ff-default fluentform_wrapper_6 ffs_default_wrap'><form data-form_id=\"6\" id=\"fluentform_6\" class=\"frm-fluent-form fluent_form_6 ff-el-form-top ff_form_instance_6_1 ff-form-loading ffs_default\" data-form_instance=\"ff_form_instance_6_1\" method=\"POST\" ><fieldset  style=\"border: none!important;margin: 0!important;padding: 0!important;background-color: transparent!important;box-shadow: none!important;outline: none!important; min-inline-size: 100%;\">\n                    <legend class=\"ff_screen_reader_title\" style=\"display: block; margin: 0!important;padding: 0!important;height: 0!important;text-indent: -999999px;width: 0!important;overflow:hidden;\">Kapcsolat (#6) CN<\/legend><input type='hidden' name='__fluent_form_embded_post_id' value='374' \/><input type=\"hidden\" id=\"_fluentform_6_fluentformnonce\" name=\"_fluentform_6_fluentformnonce\" value=\"947fc3ce5b\" \/><input type=\"hidden\" name=\"_wp_http_referer\" value=\"\/zh-hans\/wp-json\/wp\/v2\/pages\/374\" \/><div data-type=\"name-element\" data-name=\"names\" class=\" ff-field_container ff-name-field-wrapper\" ><div class='ff-t-container'><div class='ff-t-cell '><div class='ff-el-group ff-el-form-top'><div class=\"ff-el-input--label ff-el-is-required asterisk-right\"><label for='ff_6_names_first_name_' id='label_ff_6_names_first_name_' >\u8054\u7cfb\u4eba\u59d3\u540d<\/label><\/div><div class='ff-el-input--content'><input type=\"text\" name=\"names[first_name]\" id=\"ff_6_names_first_name_\" class=\"ff-el-form-control\" placeholder=\"\u8054\u7cfb\u4eba\u59d3\u540d\" aria-invalid=\"false\" aria-required=true><\/div><\/div><\/div><\/div><\/div><div class='ff-el-group'><div class=\"ff-el-input--label ff-el-is-required asterisk-right\"><label for='ff_6_email' id='label_ff_6_email' aria-label=\"\u7535\u5b50\u90ae\u7bb1\">\u7535\u5b50\u90ae\u7bb1<\/label><\/div><div class='ff-el-input--content'><input type=\"email\" name=\"email\" id=\"ff_6_email\" class=\"ff-el-form-control\" placeholder=\"\u7535\u5b50\u90ae\u7bb1\" data-name=\"email\"  aria-invalid=\"false\" aria-required=true><\/div><\/div><div class='ff-el-group'><div class=\"ff-el-input--label ff-el-is-required asterisk-right\"><label for='ff_6_phone' id='label_ff_6_phone' aria-label=\"\u7535\u8bdd\u53f7\u7801\">\u7535\u8bdd\u53f7\u7801<\/label><\/div><div class='ff-el-input--content'><input name=\"phone\" class=\"ff-el-form-control ff-el-phone\" type=\"tel\" placeholder=\"\u7535\u8bdd\u53f7\u7801\" data-name=\"phone\" id=\"ff_6_phone\" inputmode=\"tel\"  aria-invalid='false' aria-required=true><\/div><\/div><div class='ff-el-group'><div class=\"ff-el-input--label asterisk-right\"><label for='ff_6_description' id='label_ff_6_description' aria-label=\"\u7559\u8a00\">\u7559\u8a00<\/label><\/div><div class='ff-el-input--content'><textarea aria-required=\"false\" aria-labelledby=\"label_ff_6_description\" name=\"description\" id=\"ff_6_description\" class=\"ff-el-form-control\" rows=\"3\" cols=\"2\" data-name=\"description\" ><\/textarea><\/div><\/div><div class='ff-el-group    ff-el-input--content'><div class='ff-el-form-check ff-el-tc'><label aria-label='\u6761\u6b3e\u548c\u6761\u4ef6\uff1a\u6211\u5df2\u9605\u8bfb\u5e76\u63a5\u53d7\u300a\u9690\u79c1\u653f\u7b56\u300b \u5305\u542b 1 \u4e2a\u94fe\u63a5\u3002\u4f7f\u7528Tab\u5bfc\u822a\u8fdb\u884c\u67e5\u770b\u3002' class='ff-el-form-check-label ff_tc_label' for=terms-n-condition_2c071740411719d31959fd3e828ac83d><span class='ff_tc_checkbox'><input type=\"checkbox\" name=\"terms-n-condition\" class=\"ff-el-form-check-input\" data-name=\"terms-n-condition\" id=\"terms-n-condition_2c071740411719d31959fd3e828ac83d\"  value='on' aria-invalid='false' aria-required=true><\/span> <div class='ff_t_c'><p>\u6211\u5df2\u9605\u8bfb\u5e76\u63a5\u53d7<a href=\"https:\/\/exwhungary.com\/wp-content\/uploads\/2026\/02\/adatvedelmi_tajekoztato.pdf\">\u300a\u9690\u79c1\u653f\u7b56\u300b<\/a><\/p><\/div><\/label><\/div><\/div><div class='ff-el-group ff-text-center ff_submit_btn_wrapper'><button type=\"submit\" class=\"ff-btn ff-btn-submit ff-btn-md ff_btn_style\"  aria-label=\"\u63d0\u4ea4\">\u63d0\u4ea4<\/button><\/div><\/fieldset><\/form><div id='fluentform_6_errors' class='ff-errors-in-stack ff_form_instance_6_1 ff-form-loading_errors ff_form_instance_6_1_errors'><\/div><\/div>            <script type=\"text\/javascript\">\n                window.fluent_form_ff_form_instance_6_1 = {\"id\":\"6\",\"settings\":{\"layout\":{\"labelPlacement\":\"top\",\"asteriskPlacement\":\"asterisk-right\",\"helpMessagePlacement\":\"with_label\",\"errorMessagePlacement\":\"inline\",\"cssClassName\":\"\"},\"restrictions\":{\"denyEmptySubmission\":{\"enabled\":false}}},\"form_instance\":\"ff_form_instance_6_1\",\"form_id_selector\":\"fluentform_6\",\"rules\":{\"names[first_name]\":{\"required\":{\"value\":true,\"message\":\"\\u8fd9\\u662f\\u5fc5\\u586b\\u680f\",\"global_message\":\"Ez egy k\\u00f6telez\\u0151 mez\\u0151\",\"global\":true}},\"names[middle_name]\":{\"required\":{\"value\":false,\"message\":\"\\u8fd9\\u662f\\u5fc5\\u586b\\u680f\",\"global_message\":\"Ez egy k\\u00f6telez\\u0151 mez\\u0151\",\"global\":true}},\"names[last_name]\":{\"required\":{\"value\":false,\"message\":\"\\u8fd9\\u662f\\u5fc5\\u586b\\u680f\",\"global_message\":\"Ez egy k\\u00f6telez\\u0151 mez\\u0151\",\"global\":true}},\"email\":{\"required\":{\"value\":true,\"message\":\"\\u8fd9\\u662f\\u5fc5\\u586b\\u680f\",\"global_message\":\"Ez egy k\\u00f6telez\\u0151 mez\\u0151\",\"global\":true},\"email\":{\"value\":true,\"message\":\"\\u6b64\\u5b57\\u6bb5\\u5fc5\\u987b\\u5305\\u542b\\u6709\\u6548\\u7684\\u7535\\u5b50\\u90ae\\u7bb1\\u5730\\u5740\",\"global_message\":\"A mez\\u0151nek \\u00e9rv\\u00e9nyes emailc\\u00edmet kell tartalmaznia\",\"global\":true}},\"phone\":{\"required\":{\"value\":true,\"global\":true,\"message\":\"\\u8fd9\\u662f\\u5fc5\\u586b\\u680f\",\"global_message\":\"Ez egy k\\u00f6telez\\u0151 mez\\u0151\"},\"valid_phone_number\":{\"value\":false,\"global\":true,\"message\":\"\\u7535\\u8bdd\\u53f7\\u7801\\u65e0\\u6548\",\"global_message\":\"A telefonsz\\u00e1m nem \\u00e9rv\\u00e9nyes\"}},\"description\":{\"required\":{\"value\":false,\"message\":\"\\u8fd9\\u662f\\u5fc5\\u586b\\u680f\",\"global_message\":\"Ez egy k\\u00f6telez\\u0151 mez\\u0151\",\"global\":true}},\"terms-n-condition\":{\"required\":{\"value\":true,\"message\":\"\\u8fd9\\u662f\\u5fc5\\u586b\\u680f\",\"global_message\":\"Ez egy k\\u00f6telez\\u0151 mez\\u0151\",\"global\":true}}},\"debounce_time\":300};\n                            <\/script>\n                        <\/div>\n\n            \t\t\t\t<\/div>\n\t\t\t\t<\/div>\n\t\t\t\t\t<\/div>\n\t\t<\/div>\n\t\t\t\t\t<\/div>\n\t\t<\/section>\n\t\t\t\t<\/div>\n\t\t","protected":false},"excerpt":{"rendered":"<p>\u8054\u7cfb\u6211\u4eec \u5982\u679c\u60a8\u5bf9\u6211\u4eec\u7684\u670d\u52a1\u6709\u4efb\u4f55\u7591\u95ee\uff0c\u9700\u8981\u62a5\u4ef7\u6216\u5728\u8fd0\u8f93\u548c\u7269\u6d41\u8fc7\u7a0b\u4e2d\u9700\u8981\u652f\u6301\uff0c\u6211\u4eec\u7684\u56e2\u961f\u968f\u65f6\u51c6\u5907\u4e3a\u60a8\u63d0\u4f9b\u5e2e\u52a9\u3002 [&hellip;]<\/p>\n","protected":false},"author":3,"featured_media":360,"parent":0,"menu_order":0,"comment_status":"closed","ping_status":"closed","template":"","meta":{"footnotes":""},"class_list":["post-374","page","type-page","status-publish","has-post-thumbnail","hentry"],"yoast_head":"<!-- This site is optimized with the Yoast SEO Premium plugin v26.7 (Yoast SEO v26.7) - https:\/\/yoast.com\/wordpress\/plugins\/seo\/ -->\n<title>\u8054\u7cfb\u65b9\u5f0f - EXW Hungary<\/title>\n<meta name=\"description\" content=\"\u8bf7\u8054\u7cfb EXW Hungary Kft \u7684\u4e13\u5bb6\u3002\u7d22\u53d6\u4e2a\u6027\u5316\u8d27\u8fd0\u62a5\u4ef7\u6216\u54a8\u8be2\u6211\u4eec\u7684\u7269\u6d41\u670d\u52a1\u3002\u5feb\u901f\u54cd\u5e94\u3002\" \/>\n<meta name=\"robots\" content=\"noindex, follow, max-snippet:-1, max-image-preview:large, max-video-preview:-1\" \/>\n<meta property=\"og:locale\" content=\"zh_CN\" \/>\n<meta property=\"og:type\" content=\"article\" \/>\n<meta property=\"og:title\" content=\"\u8054\u7cfb\u65b9\u5f0f\" \/>\n<meta property=\"og:description\" content=\"\u8bf7\u8054\u7cfb EXW Hungary Kft \u7684\u4e13\u5bb6\u3002\u7d22\u53d6\u4e2a\u6027\u5316\u8d27\u8fd0\u62a5\u4ef7\u6216\u54a8\u8be2\u6211\u4eec\u7684\u7269\u6d41\u670d\u52a1\u3002\u5feb\u901f\u54cd\u5e94\u3002\" \/>\n<meta property=\"og:url\" content=\"https:\/\/exwhungary.com\/zh-hans\/%e8%81%94%e7%b3%bb%e6%96%b9%e5%bc%8f\/\" \/>\n<meta property=\"og:site_name\" content=\"EXW Hungary\" \/>\n<meta property=\"article:modified_time\" content=\"2026-02-12T23:01:55+00:00\" \/>\n<meta property=\"og:image\" content=\"https:\/\/exwhungary.com\/wp-content\/uploads\/2026\/01\/cropped-cropped-EXW-logo-scaled-1.png\" \/>\n\t<meta property=\"og:image:width\" content=\"512\" \/>\n\t<meta property=\"og:image:height\" content=\"512\" \/>\n\t<meta property=\"og:image:type\" content=\"image\/png\" \/>\n<meta name=\"twitter:card\" content=\"summary_large_image\" \/>\n<meta name=\"twitter:label1\" content=\"\u9884\u8ba1\u9605\u8bfb\u65f6\u95f4\" \/>\n\t<meta name=\"twitter:data1\" content=\"1 \u5206\" \/>\n<script type=\"application\/ld+json\" class=\"yoast-schema-graph\">{\"@context\":\"https:\/\/schema.org\",\"@graph\":[{\"@type\":\"WebPage\",\"@id\":\"https:\/\/exwhungary.com\/zh-hans\/%e8%81%94%e7%b3%bb%e6%96%b9%e5%bc%8f\/\",\"url\":\"https:\/\/exwhungary.com\/zh-hans\/%e8%81%94%e7%b3%bb%e6%96%b9%e5%bc%8f\/\",\"name\":\"\u8054\u7cfb\u65b9\u5f0f - EXW Hungary\",\"isPartOf\":{\"@id\":\"https:\/\/exwhungary.com\/zh-hans\/#website\"},\"primaryImageOfPage\":{\"@id\":\"https:\/\/exwhungary.com\/zh-hans\/%e8%81%94%e7%b3%bb%e6%96%b9%e5%bc%8f\/#primaryimage\"},\"image\":{\"@id\":\"https:\/\/exwhungary.com\/zh-hans\/%e8%81%94%e7%b3%bb%e6%96%b9%e5%bc%8f\/#primaryimage\"},\"thumbnailUrl\":\"https:\/\/exwhungary.com\/wp-content\/uploads\/2026\/01\/cropped-cropped-EXW-logo-scaled-1.png\",\"datePublished\":\"2026-01-13T15:45:52+00:00\",\"dateModified\":\"2026-02-12T23:01:55+00:00\",\"description\":\"\u8bf7\u8054\u7cfb EXW Hungary Kft \u7684\u4e13\u5bb6\u3002\u7d22\u53d6\u4e2a\u6027\u5316\u8d27\u8fd0\u62a5\u4ef7\u6216\u54a8\u8be2\u6211\u4eec\u7684\u7269\u6d41\u670d\u52a1\u3002\u5feb\u901f\u54cd\u5e94\u3002\",\"breadcrumb\":{\"@id\":\"https:\/\/exwhungary.com\/zh-hans\/%e8%81%94%e7%b3%bb%e6%96%b9%e5%bc%8f\/#breadcrumb\"},\"inLanguage\":\"zh-Hans\",\"potentialAction\":[{\"@type\":\"ReadAction\",\"target\":[\"https:\/\/exwhungary.com\/zh-hans\/%e8%81%94%e7%b3%bb%e6%96%b9%e5%bc%8f\/\"]}]},{\"@type\":\"ImageObject\",\"inLanguage\":\"zh-Hans\",\"@id\":\"https:\/\/exwhungary.com\/zh-hans\/%e8%81%94%e7%b3%bb%e6%96%b9%e5%bc%8f\/#primaryimage\",\"url\":\"https:\/\/exwhungary.com\/wp-content\/uploads\/2026\/01\/cropped-cropped-EXW-logo-scaled-1.png\",\"contentUrl\":\"https:\/\/exwhungary.com\/wp-content\/uploads\/2026\/01\/cropped-cropped-EXW-logo-scaled-1.png\",\"width\":512,\"height\":512,\"caption\":\"EXW Hungary Kft.\"},{\"@type\":\"BreadcrumbList\",\"@id\":\"https:\/\/exwhungary.com\/zh-hans\/%e8%81%94%e7%b3%bb%e6%96%b9%e5%bc%8f\/#breadcrumb\",\"itemListElement\":[{\"@type\":\"ListItem\",\"position\":1,\"name\":\"Kezd\u0151lap\",\"item\":\"https:\/\/exwhungary.com\/zh-hans\/\"},{\"@type\":\"ListItem\",\"position\":2,\"name\":\"\u8054\u7cfb\u65b9\u5f0f\"}]},{\"@type\":\"WebSite\",\"@id\":\"https:\/\/exwhungary.com\/zh-hans\/#website\",\"url\":\"https:\/\/exwhungary.com\/zh-hans\/\",\"name\":\"EXW Hungary\",\"description\":\"Nemzetk\u00f6zi sz\u00e1ll\u00edtm\u00e1nyoz\u00e1s \u00e9s logisztikai megold\u00e1sok\",\"publisher\":{\"@id\":\"https:\/\/exwhungary.com\/zh-hans\/#organization\"},\"potentialAction\":[{\"@type\":\"SearchAction\",\"target\":{\"@type\":\"EntryPoint\",\"urlTemplate\":\"https:\/\/exwhungary.com\/zh-hans\/?s={search_term_string}\"},\"query-input\":{\"@type\":\"PropertyValueSpecification\",\"valueRequired\":true,\"valueName\":\"search_term_string\"}}],\"inLanguage\":\"zh-Hans\"},{\"@type\":\"Organization\",\"@id\":\"https:\/\/exwhungary.com\/zh-hans\/#organization\",\"name\":\"EXW Hungary\",\"url\":\"https:\/\/exwhungary.com\/zh-hans\/\",\"logo\":{\"@type\":\"ImageObject\",\"inLanguage\":\"zh-Hans\",\"@id\":\"https:\/\/exwhungary.com\/zh-hans\/#\/schema\/logo\/image\/\",\"url\":\"https:\/\/exwhungary.com\/wp-content\/uploads\/2026\/01\/cropped-EXW-logo-scaled-1.png\",\"contentUrl\":\"https:\/\/exwhungary.com\/wp-content\/uploads\/2026\/01\/cropped-EXW-logo-scaled-1.png\",\"width\":1807,\"height\":2095,\"caption\":\"EXW Hungary\"},\"image\":{\"@id\":\"https:\/\/exwhungary.com\/zh-hans\/#\/schema\/logo\/image\/\"}}]}<\/script>\n<!-- \/ Yoast SEO Premium plugin. -->","yoast_head_json":{"title":"\u8054\u7cfb\u65b9\u5f0f - EXW Hungary","description":"\u8bf7\u8054\u7cfb EXW Hungary Kft \u7684\u4e13\u5bb6\u3002\u7d22\u53d6\u4e2a\u6027\u5316\u8d27\u8fd0\u62a5\u4ef7\u6216\u54a8\u8be2\u6211\u4eec\u7684\u7269\u6d41\u670d\u52a1\u3002\u5feb\u901f\u54cd\u5e94\u3002","robots":{"index":"noindex","follow":"follow","max-snippet":"max-snippet:-1","max-image-preview":"max-image-preview:large","max-video-preview":"max-video-preview:-1"},"og_locale":"zh_CN","og_type":"article","og_title":"\u8054\u7cfb\u65b9\u5f0f","og_description":"\u8bf7\u8054\u7cfb EXW Hungary Kft \u7684\u4e13\u5bb6\u3002\u7d22\u53d6\u4e2a\u6027\u5316\u8d27\u8fd0\u62a5\u4ef7\u6216\u54a8\u8be2\u6211\u4eec\u7684\u7269\u6d41\u670d\u52a1\u3002\u5feb\u901f\u54cd\u5e94\u3002","og_url":"https:\/\/exwhungary.com\/zh-hans\/%e8%81%94%e7%b3%bb%e6%96%b9%e5%bc%8f\/","og_site_name":"EXW Hungary","article_modified_time":"2026-02-12T23:01:55+00:00","og_image":[{"width":512,"height":512,"url":"https:\/\/exwhungary.com\/wp-content\/uploads\/2026\/01\/cropped-cropped-EXW-logo-scaled-1.png","type":"image\/png"}],"twitter_card":"summary_large_image","twitter_misc":{"\u9884\u8ba1\u9605\u8bfb\u65f6\u95f4":"1 \u5206"},"schema":{"@context":"https:\/\/schema.org","@graph":[{"@type":"WebPage","@id":"https:\/\/exwhungary.com\/zh-hans\/%e8%81%94%e7%b3%bb%e6%96%b9%e5%bc%8f\/","url":"https:\/\/exwhungary.com\/zh-hans\/%e8%81%94%e7%b3%bb%e6%96%b9%e5%bc%8f\/","name":"\u8054\u7cfb\u65b9\u5f0f - EXW Hungary","isPartOf":{"@id":"https:\/\/exwhungary.com\/zh-hans\/#website"},"primaryImageOfPage":{"@id":"https:\/\/exwhungary.com\/zh-hans\/%e8%81%94%e7%b3%bb%e6%96%b9%e5%bc%8f\/#primaryimage"},"image":{"@id":"https:\/\/exwhungary.com\/zh-hans\/%e8%81%94%e7%b3%bb%e6%96%b9%e5%bc%8f\/#primaryimage"},"thumbnailUrl":"https:\/\/exwhungary.com\/wp-content\/uploads\/2026\/01\/cropped-cropped-EXW-logo-scaled-1.png","datePublished":"2026-01-13T15:45:52+00:00","dateModified":"2026-02-12T23:01:55+00:00","description":"\u8bf7\u8054\u7cfb EXW Hungary Kft \u7684\u4e13\u5bb6\u3002\u7d22\u53d6\u4e2a\u6027\u5316\u8d27\u8fd0\u62a5\u4ef7\u6216\u54a8\u8be2\u6211\u4eec\u7684\u7269\u6d41\u670d\u52a1\u3002\u5feb\u901f\u54cd\u5e94\u3002","breadcrumb":{"@id":"https:\/\/exwhungary.com\/zh-hans\/%e8%81%94%e7%b3%bb%e6%96%b9%e5%bc%8f\/#breadcrumb"},"inLanguage":"zh-Hans","potentialAction":[{"@type":"ReadAction","target":["https:\/\/exwhungary.com\/zh-hans\/%e8%81%94%e7%b3%bb%e6%96%b9%e5%bc%8f\/"]}]},{"@type":"ImageObject","inLanguage":"zh-Hans","@id":"https:\/\/exwhungary.com\/zh-hans\/%e8%81%94%e7%b3%bb%e6%96%b9%e5%bc%8f\/#primaryimage","url":"https:\/\/exwhungary.com\/wp-content\/uploads\/2026\/01\/cropped-cropped-EXW-logo-scaled-1.png","contentUrl":"https:\/\/exwhungary.com\/wp-content\/uploads\/2026\/01\/cropped-cropped-EXW-logo-scaled-1.png","width":512,"height":512,"caption":"EXW Hungary Kft."},{"@type":"BreadcrumbList","@id":"https:\/\/exwhungary.com\/zh-hans\/%e8%81%94%e7%b3%bb%e6%96%b9%e5%bc%8f\/#breadcrumb","itemListElement":[{"@type":"ListItem","position":1,"name":"Kezd\u0151lap","item":"https:\/\/exwhungary.com\/zh-hans\/"},{"@type":"ListItem","position":2,"name":"\u8054\u7cfb\u65b9\u5f0f"}]},{"@type":"WebSite","@id":"https:\/\/exwhungary.com\/zh-hans\/#website","url":"https:\/\/exwhungary.com\/zh-hans\/","name":"EXW Hungary","description":"Nemzetk\u00f6zi sz\u00e1ll\u00edtm\u00e1nyoz\u00e1s \u00e9s logisztikai megold\u00e1sok","publisher":{"@id":"https:\/\/exwhungary.com\/zh-hans\/#organization"},"potentialAction":[{"@type":"SearchAction","target":{"@type":"EntryPoint","urlTemplate":"https:\/\/exwhungary.com\/zh-hans\/?s={search_term_string}"},"query-input":{"@type":"PropertyValueSpecification","valueRequired":true,"valueName":"search_term_string"}}],"inLanguage":"zh-Hans"},{"@type":"Organization","@id":"https:\/\/exwhungary.com\/zh-hans\/#organization","name":"EXW Hungary","url":"https:\/\/exwhungary.com\/zh-hans\/","logo":{"@type":"ImageObject","inLanguage":"zh-Hans","@id":"https:\/\/exwhungary.com\/zh-hans\/#\/schema\/logo\/image\/","url":"https:\/\/exwhungary.com\/wp-content\/uploads\/2026\/01\/cropped-EXW-logo-scaled-1.png","contentUrl":"https:\/\/exwhungary.com\/wp-content\/uploads\/2026\/01\/cropped-EXW-logo-scaled-1.png","width":1807,"height":2095,"caption":"EXW Hungary"},"image":{"@id":"https:\/\/exwhungary.com\/zh-hans\/#\/schema\/logo\/image\/"}}]}},"_links":{"self":[{"href":"https:\/\/exwhungary.com\/zh-hans\/wp-json\/wp\/v2\/pages\/374","targetHints":{"allow":["GET"]}}],"collection":[{"href":"https:\/\/exwhungary.com\/zh-hans\/wp-json\/wp\/v2\/pages"}],"about":[{"href":"https:\/\/exwhungary.com\/zh-hans\/wp-json\/wp\/v2\/types\/page"}],"author":[{"embeddable":true,"href":"https:\/\/exwhungary.com\/zh-hans\/wp-json\/wp\/v2\/users\/3"}],"replies":[{"embeddable":true,"href":"https:\/\/exwhungary.com\/zh-hans\/wp-json\/wp\/v2\/comments?post=374"}],"version-history":[{"count":4,"href":"https:\/\/exwhungary.com\/zh-hans\/wp-json\/wp\/v2\/pages\/374\/revisions"}],"predecessor-version":[{"id":434,"href":"https:\/\/exwhungary.com\/zh-hans\/wp-json\/wp\/v2\/pages\/374\/revisions\/434"}],"wp:featuredmedia":[{"embeddable":true,"href":"https:\/\/exwhungary.com\/zh-hans\/wp-json\/wp\/v2\/media\/360"}],"wp:attachment":[{"href":"https:\/\/exwhungary.com\/zh-hans\/wp-json\/wp\/v2\/media?parent=374"}],"curies":[{"name":"wp","href":"https:\/\/api.w.org\/{rel}","templated":true}]}}