{"id":368,"date":"2025-11-08T08:04:53","date_gmt":"2025-11-08T07:04:53","guid":{"rendered":"https:\/\/exwhungary.com\/%e5%88%8a%e5%a4%b4\/"},"modified":"2026-02-12T17:19:42","modified_gmt":"2026-02-12T16:19:42","slug":"%e5%88%8a%e5%a4%b4","status":"publish","type":"page","link":"https:\/\/exwhungary.com\/zh-hans\/%e5%88%8a%e5%a4%b4\/","title":{"rendered":"\u520a\u5934"},"content":{"rendered":"\t\t<div data-elementor-type=\"wp-page\" data-elementor-id=\"368\" class=\"elementor elementor-368 elementor-28\" data-elementor-settings=\"{&quot;element_pack_global_tooltip_width&quot;:{&quot;unit&quot;:&quot;px&quot;,&quot;size&quot;:&quot;&quot;,&quot;sizes&quot;:[]},&quot;element_pack_global_tooltip_width_tablet&quot;:{&quot;unit&quot;:&quot;px&quot;,&quot;size&quot;:&quot;&quot;,&quot;sizes&quot;:[]},&quot;element_pack_global_tooltip_width_mobile&quot;:{&quot;unit&quot;:&quot;px&quot;,&quot;size&quot;:&quot;&quot;,&quot;sizes&quot;:[]},&quot;element_pack_global_tooltip_padding&quot;:{&quot;unit&quot;:&quot;px&quot;,&quot;top&quot;:&quot;&quot;,&quot;right&quot;:&quot;&quot;,&quot;bottom&quot;:&quot;&quot;,&quot;left&quot;:&quot;&quot;,&quot;isLinked&quot;:true},&quot;element_pack_global_tooltip_padding_tablet&quot;:{&quot;unit&quot;:&quot;px&quot;,&quot;top&quot;:&quot;&quot;,&quot;right&quot;:&quot;&quot;,&quot;bottom&quot;:&quot;&quot;,&quot;left&quot;:&quot;&quot;,&quot;isLinked&quot;:true},&quot;element_pack_global_tooltip_padding_mobile&quot;:{&quot;unit&quot;:&quot;px&quot;,&quot;top&quot;:&quot;&quot;,&quot;right&quot;:&quot;&quot;,&quot;bottom&quot;:&quot;&quot;,&quot;left&quot;:&quot;&quot;,&quot;isLinked&quot;:true},&quot;element_pack_global_tooltip_border_radius&quot;:{&quot;unit&quot;:&quot;px&quot;,&quot;top&quot;:&quot;&quot;,&quot;right&quot;:&quot;&quot;,&quot;bottom&quot;:&quot;&quot;,&quot;left&quot;:&quot;&quot;,&quot;isLinked&quot;:true},&quot;element_pack_global_tooltip_border_radius_tablet&quot;:{&quot;unit&quot;:&quot;px&quot;,&quot;top&quot;:&quot;&quot;,&quot;right&quot;:&quot;&quot;,&quot;bottom&quot;:&quot;&quot;,&quot;left&quot;:&quot;&quot;,&quot;isLinked&quot;:true},&quot;element_pack_global_tooltip_border_radius_mobile&quot;:{&quot;unit&quot;:&quot;px&quot;,&quot;top&quot;:&quot;&quot;,&quot;right&quot;:&quot;&quot;,&quot;bottom&quot;:&quot;&quot;,&quot;left&quot;:&quot;&quot;,&quot;isLinked&quot;:true}}\" data-elementor-post-type=\"page\">\n\t\t\t\t\t\t<section class=\"elementor-section elementor-top-section elementor-element elementor-element-d6cfd9c elementor-section-boxed elementor-section-height-default elementor-section-height-default\" data-id=\"d6cfd9c\" data-element_type=\"section\">\n\t\t\t\t\t\t<div class=\"elementor-container elementor-column-gap-default\">\n\t\t\t\t\t<div class=\"elementor-column elementor-col-50 elementor-top-column elementor-element elementor-element-094c310\" data-id=\"094c310\" data-element_type=\"column\">\n\t\t\t<div class=\"elementor-widget-wrap elementor-element-populated\">\n\t\t\t\t\t\t<div class=\"elementor-element elementor-element-38bb129 elementor-widget elementor-widget-text-editor\" data-id=\"38bb129\" data-element_type=\"widget\" data-widget_type=\"text-editor.default\">\n\t\t\t\t\t\t\t\t\t<h2><strong>\u516c\u53f8\u6570\u636e\uff1a<\/strong><\/h2><div><strong>\u540d\u79f0\uff1a<\/strong>EXW Hungary Kft.<strong><br>\u6ce8\u518c\u529e\u4e8b\u5904\uff1a<\/strong>2100 G\u00f6d\u00f6ll\u0151, C\u00edmer utca 29<br><strong>\u7a0e\u53f7\uff1a<\/strong>28760920-2-13<\/div><div><strong>\u7535\u5b50\u90ae\u4ef6\u5730\u5740\uff1a<\/strong>info@exwcorp.com<\/div><div><strong>\u7535\u8bdd\u53f7\u7801\uff1a<\/strong>06703668868<\/div>\t\t\t\t\t\t\t\t<\/div>\n\t\t\t\t\t<\/div>\n\t\t<\/div>\n\t\t\t\t<div class=\"elementor-column elementor-col-50 elementor-top-column elementor-element elementor-element-6b81e8d\" data-id=\"6b81e8d\" data-element_type=\"column\">\n\t\t\t<div class=\"elementor-widget-wrap elementor-element-populated\">\n\t\t\t\t\t\t<div class=\"elementor-element elementor-element-2f40908 elementor-widget elementor-widget-text-editor\" data-id=\"2f40908\" data-element_type=\"widget\" data-widget_type=\"text-editor.default\">\n\t\t\t\t\t\t\t\t\t<div class=\"elementor-element elementor-element-058845c elementor-widget elementor-widget-heading\" data-id=\"058845c\" data-element_type=\"widget\" data-widget_type=\"heading.default\"><h2 class=\"elementor-heading-title elementor-size-default\">\u6258\u7ba1\u670d\u52a1\u63d0\u4f9b\u5546\u7684\u8be6\u7ec6\u4fe1\u606f\uff1a<\/h2><\/div><div class=\"elementor-element elementor-element-07f6764 elementor-widget elementor-widget-text-editor\" data-id=\"07f6764\" data-element_type=\"widget\" data-widget_type=\"text-editor.default\"><div><b>\u540d\u79f0\uff1a<\/b>Mazuri Marketing Ltd.<\/div><div><b>\u5730\u70b9\uff1a <\/b>5008 Szolnok, Karinthy Frigyes \u00fat 40.<\/div><div><strong>\u516c\u53f8\u6ce8\u518c\u53f7\uff1a<\/strong>16-09-020633<\/div><div><b>\u7a0e\u53f7\uff1a<\/b>25482360-2-16<\/div><\/div><p> <\/p>\t\t\t\t\t\t\t\t<\/div>\n\t\t\t\t\t<\/div>\n\t\t<\/div>\n\t\t\t\t\t<\/div>\n\t\t<\/section>\n\t\t\t\t<\/div>\n\t\t","protected":false},"excerpt":{"rendered":"<p>\u516c\u53f8\u6570\u636e\uff1a \u540d\u79f0\uff1aEXW Hungary Kft.\u6ce8\u518c\u529e\u4e8b\u5904\uff1a2100 G\u00f6d\u00f6ll\u0151, C\u00edmer utca [&hellip;]<\/p>\n","protected":false},"author":1,"featured_media":0,"parent":0,"menu_order":0,"comment_status":"closed","ping_status":"closed","template":"","meta":{"footnotes":""},"class_list":["post-368","page","type-page","status-publish","hentry"],"yoast_head":"<!-- This site is optimized with the Yoast SEO Premium plugin v26.7 (Yoast SEO v26.7) - https:\/\/yoast.com\/wordpress\/plugins\/seo\/ -->\n<title>\u520a\u5934 - EXW Hungary<\/title>\n<meta name=\"robots\" content=\"noindex, follow, max-snippet:-1, max-image-preview:large, max-video-preview:-1\" \/>\n<meta property=\"og:locale\" content=\"zh_CN\" \/>\n<meta property=\"og:type\" content=\"article\" \/>\n<meta property=\"og:title\" content=\"\u520a\u5934\" \/>\n<meta property=\"og:description\" content=\"\u516c\u53f8\u6570\u636e\uff1a \u540d\u79f0\uff1aEXW Hungary Kft.\u6ce8\u518c\u529e\u4e8b\u5904\uff1a2100 G\u00f6d\u00f6ll\u0151, C\u00edmer utca [&hellip;]\" \/>\n<meta property=\"og:url\" content=\"https:\/\/exwhungary.com\/zh-hans\/%e5%88%8a%e5%a4%b4\/\" \/>\n<meta property=\"og:site_name\" content=\"EXW Hungary\" \/>\n<meta property=\"article:modified_time\" content=\"2026-02-12T16:19:42+00:00\" \/>\n<meta name=\"twitter:card\" content=\"summary_large_image\" \/>\n<script type=\"application\/ld+json\" class=\"yoast-schema-graph\">{\"@context\":\"https:\/\/schema.org\",\"@graph\":[{\"@type\":\"WebPage\",\"@id\":\"https:\/\/exwhungary.com\/zh-hans\/%e5%88%8a%e5%a4%b4\/\",\"url\":\"https:\/\/exwhungary.com\/zh-hans\/%e5%88%8a%e5%a4%b4\/\",\"name\":\"\u520a\u5934 - EXW Hungary\",\"isPartOf\":{\"@id\":\"https:\/\/exwhungary.com\/zh-hans\/#website\"},\"datePublished\":\"2025-11-08T07:04:53+00:00\",\"dateModified\":\"2026-02-12T16:19:42+00:00\",\"breadcrumb\":{\"@id\":\"https:\/\/exwhungary.com\/zh-hans\/%e5%88%8a%e5%a4%b4\/#breadcrumb\"},\"inLanguage\":\"zh-Hans\",\"potentialAction\":[{\"@type\":\"ReadAction\",\"target\":[\"https:\/\/exwhungary.com\/zh-hans\/%e5%88%8a%e5%a4%b4\/\"]}]},{\"@type\":\"BreadcrumbList\",\"@id\":\"https:\/\/exwhungary.com\/zh-hans\/%e5%88%8a%e5%a4%b4\/#breadcrumb\",\"itemListElement\":[{\"@type\":\"ListItem\",\"position\":1,\"name\":\"Kezd\u0151lap\",\"item\":\"https:\/\/exwhungary.com\/zh-hans\/\"},{\"@type\":\"ListItem\",\"position\":2,\"name\":\"\u520a\u5934\"}]},{\"@type\":\"WebSite\",\"@id\":\"https:\/\/exwhungary.com\/zh-hans\/#website\",\"url\":\"https:\/\/exwhungary.com\/zh-hans\/\",\"name\":\"EXW Hungary\",\"description\":\"Nemzetk\u00f6zi sz\u00e1ll\u00edtm\u00e1nyoz\u00e1s \u00e9s logisztikai megold\u00e1sok\",\"publisher\":{\"@id\":\"https:\/\/exwhungary.com\/zh-hans\/#organization\"},\"potentialAction\":[{\"@type\":\"SearchAction\",\"target\":{\"@type\":\"EntryPoint\",\"urlTemplate\":\"https:\/\/exwhungary.com\/zh-hans\/?s={search_term_string}\"},\"query-input\":{\"@type\":\"PropertyValueSpecification\",\"valueRequired\":true,\"valueName\":\"search_term_string\"}}],\"inLanguage\":\"zh-Hans\"},{\"@type\":\"Organization\",\"@id\":\"https:\/\/exwhungary.com\/zh-hans\/#organization\",\"name\":\"EXW Hungary\",\"url\":\"https:\/\/exwhungary.com\/zh-hans\/\",\"logo\":{\"@type\":\"ImageObject\",\"inLanguage\":\"zh-Hans\",\"@id\":\"https:\/\/exwhungary.com\/zh-hans\/#\/schema\/logo\/image\/\",\"url\":\"https:\/\/exwhungary.com\/wp-content\/uploads\/2026\/01\/cropped-EXW-logo-scaled-1.png\",\"contentUrl\":\"https:\/\/exwhungary.com\/wp-content\/uploads\/2026\/01\/cropped-EXW-logo-scaled-1.png\",\"width\":1807,\"height\":2095,\"caption\":\"EXW Hungary\"},\"image\":{\"@id\":\"https:\/\/exwhungary.com\/zh-hans\/#\/schema\/logo\/image\/\"}}]}<\/script>\n<!-- \/ Yoast SEO Premium plugin. -->","yoast_head_json":{"title":"\u520a\u5934 - EXW Hungary","robots":{"index":"noindex","follow":"follow","max-snippet":"max-snippet:-1","max-image-preview":"max-image-preview:large","max-video-preview":"max-video-preview:-1"},"og_locale":"zh_CN","og_type":"article","og_title":"\u520a\u5934","og_description":"\u516c\u53f8\u6570\u636e\uff1a \u540d\u79f0\uff1aEXW Hungary Kft.\u6ce8\u518c\u529e\u4e8b\u5904\uff1a2100 G\u00f6d\u00f6ll\u0151, C\u00edmer utca [&hellip;]","og_url":"https:\/\/exwhungary.com\/zh-hans\/%e5%88%8a%e5%a4%b4\/","og_site_name":"EXW Hungary","article_modified_time":"2026-02-12T16:19:42+00:00","twitter_card":"summary_large_image","schema":{"@context":"https:\/\/schema.org","@graph":[{"@type":"WebPage","@id":"https:\/\/exwhungary.com\/zh-hans\/%e5%88%8a%e5%a4%b4\/","url":"https:\/\/exwhungary.com\/zh-hans\/%e5%88%8a%e5%a4%b4\/","name":"\u520a\u5934 - EXW Hungary","isPartOf":{"@id":"https:\/\/exwhungary.com\/zh-hans\/#website"},"datePublished":"2025-11-08T07:04:53+00:00","dateModified":"2026-02-12T16:19:42+00:00","breadcrumb":{"@id":"https:\/\/exwhungary.com\/zh-hans\/%e5%88%8a%e5%a4%b4\/#breadcrumb"},"inLanguage":"zh-Hans","potentialAction":[{"@type":"ReadAction","target":["https:\/\/exwhungary.com\/zh-hans\/%e5%88%8a%e5%a4%b4\/"]}]},{"@type":"BreadcrumbList","@id":"https:\/\/exwhungary.com\/zh-hans\/%e5%88%8a%e5%a4%b4\/#breadcrumb","itemListElement":[{"@type":"ListItem","position":1,"name":"Kezd\u0151lap","item":"https:\/\/exwhungary.com\/zh-hans\/"},{"@type":"ListItem","position":2,"name":"\u520a\u5934"}]},{"@type":"WebSite","@id":"https:\/\/exwhungary.com\/zh-hans\/#website","url":"https:\/\/exwhungary.com\/zh-hans\/","name":"EXW Hungary","description":"Nemzetk\u00f6zi sz\u00e1ll\u00edtm\u00e1nyoz\u00e1s \u00e9s logisztikai megold\u00e1sok","publisher":{"@id":"https:\/\/exwhungary.com\/zh-hans\/#organization"},"potentialAction":[{"@type":"SearchAction","target":{"@type":"EntryPoint","urlTemplate":"https:\/\/exwhungary.com\/zh-hans\/?s={search_term_string}"},"query-input":{"@type":"PropertyValueSpecification","valueRequired":true,"valueName":"search_term_string"}}],"inLanguage":"zh-Hans"},{"@type":"Organization","@id":"https:\/\/exwhungary.com\/zh-hans\/#organization","name":"EXW Hungary","url":"https:\/\/exwhungary.com\/zh-hans\/","logo":{"@type":"ImageObject","inLanguage":"zh-Hans","@id":"https:\/\/exwhungary.com\/zh-hans\/#\/schema\/logo\/image\/","url":"https:\/\/exwhungary.com\/wp-content\/uploads\/2026\/01\/cropped-EXW-logo-scaled-1.png","contentUrl":"https:\/\/exwhungary.com\/wp-content\/uploads\/2026\/01\/cropped-EXW-logo-scaled-1.png","width":1807,"height":2095,"caption":"EXW Hungary"},"image":{"@id":"https:\/\/exwhungary.com\/zh-hans\/#\/schema\/logo\/image\/"}}]}},"_links":{"self":[{"href":"https:\/\/exwhungary.com\/zh-hans\/wp-json\/wp\/v2\/pages\/368","targetHints":{"allow":["GET"]}}],"collection":[{"href":"https:\/\/exwhungary.com\/zh-hans\/wp-json\/wp\/v2\/pages"}],"about":[{"href":"https:\/\/exwhungary.com\/zh-hans\/wp-json\/wp\/v2\/types\/page"}],"author":[{"embeddable":true,"href":"https:\/\/exwhungary.com\/zh-hans\/wp-json\/wp\/v2\/users\/1"}],"replies":[{"embeddable":true,"href":"https:\/\/exwhungary.com\/zh-hans\/wp-json\/wp\/v2\/comments?post=368"}],"version-history":[{"count":1,"href":"https:\/\/exwhungary.com\/zh-hans\/wp-json\/wp\/v2\/pages\/368\/revisions"}],"predecessor-version":[{"id":369,"href":"https:\/\/exwhungary.com\/zh-hans\/wp-json\/wp\/v2\/pages\/368\/revisions\/369"}],"wp:attachment":[{"href":"https:\/\/exwhungary.com\/zh-hans\/wp-json\/wp\/v2\/media?parent=368"}],"curies":[{"name":"wp","href":"https:\/\/api.w.org\/{rel}","templated":true}]}}