{"id":300,"date":"2026-01-13T16:45:52","date_gmt":"2026-01-13T15:45:52","guid":{"rendered":"https:\/\/exwhungary.com\/contact\/"},"modified":"2026-02-13T00:00:57","modified_gmt":"2026-02-12T23:00:57","slug":"contact","status":"publish","type":"page","link":"https:\/\/exwhungary.com\/en\/contact\/","title":{"rendered":"Contact"},"content":{"rendered":"\t\t<div data-elementor-type=\"wp-page\" data-elementor-id=\"300\" class=\"elementor elementor-300 elementor-67\" data-elementor-settings=\"{&quot;element_pack_global_tooltip_width&quot;:{&quot;unit&quot;:&quot;px&quot;,&quot;size&quot;:&quot;&quot;,&quot;sizes&quot;:[]},&quot;element_pack_global_tooltip_width_tablet&quot;:{&quot;unit&quot;:&quot;px&quot;,&quot;size&quot;:&quot;&quot;,&quot;sizes&quot;:[]},&quot;element_pack_global_tooltip_width_mobile&quot;:{&quot;unit&quot;:&quot;px&quot;,&quot;size&quot;:&quot;&quot;,&quot;sizes&quot;:[]},&quot;element_pack_global_tooltip_padding&quot;:{&quot;unit&quot;:&quot;px&quot;,&quot;top&quot;:&quot;&quot;,&quot;right&quot;:&quot;&quot;,&quot;bottom&quot;:&quot;&quot;,&quot;left&quot;:&quot;&quot;,&quot;isLinked&quot;:true},&quot;element_pack_global_tooltip_padding_tablet&quot;:{&quot;unit&quot;:&quot;px&quot;,&quot;top&quot;:&quot;&quot;,&quot;right&quot;:&quot;&quot;,&quot;bottom&quot;:&quot;&quot;,&quot;left&quot;:&quot;&quot;,&quot;isLinked&quot;:true},&quot;element_pack_global_tooltip_padding_mobile&quot;:{&quot;unit&quot;:&quot;px&quot;,&quot;top&quot;:&quot;&quot;,&quot;right&quot;:&quot;&quot;,&quot;bottom&quot;:&quot;&quot;,&quot;left&quot;:&quot;&quot;,&quot;isLinked&quot;:true},&quot;element_pack_global_tooltip_border_radius&quot;:{&quot;unit&quot;:&quot;px&quot;,&quot;top&quot;:&quot;&quot;,&quot;right&quot;:&quot;&quot;,&quot;bottom&quot;:&quot;&quot;,&quot;left&quot;:&quot;&quot;,&quot;isLinked&quot;:true},&quot;element_pack_global_tooltip_border_radius_tablet&quot;:{&quot;unit&quot;:&quot;px&quot;,&quot;top&quot;:&quot;&quot;,&quot;right&quot;:&quot;&quot;,&quot;bottom&quot;:&quot;&quot;,&quot;left&quot;:&quot;&quot;,&quot;isLinked&quot;:true},&quot;element_pack_global_tooltip_border_radius_mobile&quot;:{&quot;unit&quot;:&quot;px&quot;,&quot;top&quot;:&quot;&quot;,&quot;right&quot;:&quot;&quot;,&quot;bottom&quot;:&quot;&quot;,&quot;left&quot;:&quot;&quot;,&quot;isLinked&quot;:true}}\" data-elementor-post-type=\"page\">\n\t\t\t\t\t\t<section class=\"elementor-section elementor-top-section elementor-element elementor-element-512ea24 elementor-section-boxed elementor-section-height-default elementor-section-height-default\" data-id=\"512ea24\" data-element_type=\"section\">\n\t\t\t\t\t\t<div class=\"elementor-container elementor-column-gap-default\">\n\t\t\t\t\t<div class=\"elementor-column elementor-col-100 elementor-top-column elementor-element elementor-element-690f662\" data-id=\"690f662\" data-element_type=\"column\">\n\t\t\t<div class=\"elementor-widget-wrap elementor-element-populated\">\n\t\t\t\t\t\t<div class=\"elementor-element elementor-element-56cb69e elementor-widget elementor-widget-spacer\" data-id=\"56cb69e\" data-element_type=\"widget\" data-widget_type=\"spacer.default\">\n\t\t\t\t\t\t\t<div class=\"elementor-spacer\">\n\t\t\t<div class=\"elementor-spacer-inner\"><\/div>\n\t\t<\/div>\n\t\t\t\t\t\t<\/div>\n\t\t\t\t<div class=\"elementor-element elementor-element-28e021f elementor-widget elementor-widget-bdt-advanced-heading\" data-id=\"28e021f\" data-element_type=\"widget\" data-widget_type=\"bdt-advanced-heading.default\">\n\t\t\t\t\t<div id =\"28e021f\" class=\"bdt-ep-advanced-heading\" data-settings=\"{&quot;titleMultiColor&quot;:&quot;no&quot;}\"><h2 class=\"bdt-ep-advanced-heading-title\"><span class=\"bdt-ep-advanced-heading-main-title\"><span class=\"bdt-ep-advanced-heading-main-title-inner\">Contact us<\/span><span class=\"line bdt-button-icon-align-bottom\"><\/span><\/span><\/h2><\/div>\t\t\t\t<\/div>\n\t\t\t\t<div class=\"elementor-element elementor-element-ca69195 elementor-widget elementor-widget-text-editor\" data-id=\"ca69195\" data-element_type=\"widget\" data-widget_type=\"text-editor.default\">\n\t\t\t\t\t\t\t\t\t<p>If you have any questions about our services, would like a quote or need support with your transport and logistics processes, our team is ready to help.<\/p><p>EXW Hungary Kft. fast, accurate and transparent communication is of the utmost importance to the EU. All inquiries will be processed within a short time and you will be contacted via the e-mail address provided.<\/p><p><strong>Please contact us by filling in the form below.<\/strong><br><strong>One of our experts will reply as soon as possible.<\/strong><\/p>\t\t\t\t\t\t\t\t<\/div>\n\t\t\t\t<div class=\"elementor-element elementor-element-8fb483d elementor-widget__width-initial fluent-form-widget-step-header-yes fluent-form-widget-step-progressbar-yes fluentform-widget-submit-button-custom elementor-widget elementor-widget-fluent-form-widget\" data-id=\"8fb483d\" data-element_type=\"widget\" data-widget_type=\"fluent-form-widget.default\">\n\t\t\t\t<div class=\"elementor-widget-container\">\n\t\t\t\t\t\n            <div class=\"fluentform-widget-wrapper fluentform-widget-custom-radio-checkbox fluentform-widget-align-center\">\n\n            \n            <div class='fluentform ff-default fluentform_wrapper_5 ffs_default_wrap'><form data-form_id=\"5\" id=\"fluentform_5\" class=\"frm-fluent-form fluent_form_5 ff-el-form-top ff_form_instance_5_1 ff-form-loading ffs_default\" data-form_instance=\"ff_form_instance_5_1\" method=\"POST\" ><fieldset  style=\"border: none!important;margin: 0!important;padding: 0!important;background-color: transparent!important;box-shadow: none!important;outline: none!important; min-inline-size: 100%;\">\n                    <legend class=\"ff_screen_reader_title\" style=\"display: block; margin: 0!important;padding: 0!important;height: 0!important;text-indent: -999999px;width: 0!important;overflow:hidden;\">Kapcsolat (#5) EN<\/legend><input type='hidden' name='__fluent_form_embded_post_id' value='300' \/><input type=\"hidden\" id=\"_fluentform_5_fluentformnonce\" name=\"_fluentform_5_fluentformnonce\" value=\"947fc3ce5b\" \/><input type=\"hidden\" name=\"_wp_http_referer\" value=\"\/en\/wp-json\/wp\/v2\/pages\/300\" \/><div data-type=\"name-element\" data-name=\"names\" class=\" ff-field_container ff-name-field-wrapper\" ><div class='ff-t-container'><div class='ff-t-cell '><div class='ff-el-group ff-el-form-top'><div class=\"ff-el-input--label ff-el-is-required asterisk-right\"><label for='ff_5_names_first_name_' id='label_ff_5_names_first_name_' >Contact Name<\/label><\/div><div class='ff-el-input--content'><input type=\"text\" name=\"names[first_name]\" id=\"ff_5_names_first_name_\" class=\"ff-el-form-control\" placeholder=\"Contact Name\" aria-invalid=\"false\" aria-required=true><\/div><\/div><\/div><\/div><\/div><div class='ff-el-group'><div class=\"ff-el-input--label ff-el-is-required asterisk-right\"><label for='ff_5_email' id='label_ff_5_email' aria-label=\"Email\">Email<\/label><\/div><div class='ff-el-input--content'><input type=\"email\" name=\"email\" id=\"ff_5_email\" class=\"ff-el-form-control\" placeholder=\"Email\" data-name=\"email\"  aria-invalid=\"false\" aria-required=true><\/div><\/div><div class='ff-el-group'><div class=\"ff-el-input--label ff-el-is-required asterisk-right\"><label for='ff_5_phone' id='label_ff_5_phone' aria-label=\"Phone Number\">Phone Number<\/label><\/div><div class='ff-el-input--content'><input name=\"phone\" class=\"ff-el-form-control ff-el-phone\" type=\"tel\" placeholder=\"Phone Number\" data-name=\"phone\" id=\"ff_5_phone\" inputmode=\"tel\"  aria-invalid='false' aria-required=true><\/div><\/div><div class='ff-el-group'><div class=\"ff-el-input--label asterisk-right\"><label for='ff_5_description' id='label_ff_5_description' aria-label=\"Message\">Message<\/label><\/div><div class='ff-el-input--content'><textarea aria-required=\"false\" aria-labelledby=\"label_ff_5_description\" name=\"description\" id=\"ff_5_description\" class=\"ff-el-form-control\" rows=\"3\" cols=\"2\" data-name=\"description\" ><\/textarea><\/div><\/div><div class='ff-el-group    ff-el-input--content'><div class='ff-el-form-check ff-el-tc'><label aria-label='Terms and Conditions: I have read and accept the Privacy Policy. Contains 1 link. Use tab navigation to review.' class='ff-el-form-check-label ff_tc_label' for=terms-n-condition_e4bf4fe35cf668c203c6656dc98f01c8><span class='ff_tc_checkbox'><input type=\"checkbox\" name=\"terms-n-condition\" class=\"ff-el-form-check-input\" data-name=\"terms-n-condition\" id=\"terms-n-condition_e4bf4fe35cf668c203c6656dc98f01c8\"  value='on' aria-invalid='false' aria-required=true><\/span> <div class='ff_t_c'><p>I have read and accept the <a href=\"https:\/\/exwhungary.com\/wp-content\/uploads\/2026\/02\/adatvedelmi_tajekoztato.pdf\" target=\"_blank\" rel=\"noopener\"><span style=\"text-decoration: underline\">Privacy Policy.<\/span><\/a><\/p><\/div><\/label><\/div><\/div><div class='ff-el-group ff-text-center ff_submit_btn_wrapper'><button type=\"submit\" class=\"ff-btn ff-btn-submit ff-btn-md ff_btn_style\"  aria-label=\"Send Message\">Send Message<\/button><\/div><\/fieldset><\/form><div id='fluentform_5_errors' class='ff-errors-in-stack ff_form_instance_5_1 ff-form-loading_errors ff_form_instance_5_1_errors'><\/div><\/div>            <script type=\"text\/javascript\">\n                window.fluent_form_ff_form_instance_5_1 = {\"id\":\"5\",\"settings\":{\"layout\":{\"labelPlacement\":\"top\",\"asteriskPlacement\":\"asterisk-right\",\"helpMessagePlacement\":\"with_label\",\"errorMessagePlacement\":\"inline\",\"cssClassName\":\"\"},\"restrictions\":{\"denyEmptySubmission\":{\"enabled\":false}}},\"form_instance\":\"ff_form_instance_5_1\",\"form_id_selector\":\"fluentform_5\",\"rules\":{\"names[first_name]\":{\"required\":{\"value\":true,\"message\":\"This field is required\",\"global_message\":\"Ez egy k\\u00f6telez\\u0151 mez\\u0151\",\"global\":true}},\"names[middle_name]\":{\"required\":{\"value\":false,\"message\":\"This field is required\",\"global_message\":\"Ez egy k\\u00f6telez\\u0151 mez\\u0151\",\"global\":true}},\"names[last_name]\":{\"required\":{\"value\":false,\"message\":\"This field is required\",\"global_message\":\"Ez egy k\\u00f6telez\\u0151 mez\\u0151\",\"global\":true}},\"email\":{\"required\":{\"value\":true,\"message\":\"This field is required\",\"global_message\":\"Ez egy k\\u00f6telez\\u0151 mez\\u0151\",\"global\":true},\"email\":{\"value\":true,\"message\":\"This field must contain a valid email\",\"global_message\":\"A mez\\u0151nek \\u00e9rv\\u00e9nyes emailc\\u00edmet kell tartalmaznia\",\"global\":true}},\"phone\":{\"required\":{\"value\":true,\"global\":true,\"message\":\"This field is required\",\"global_message\":\"Ez egy k\\u00f6telez\\u0151 mez\\u0151\"},\"valid_phone_number\":{\"value\":false,\"global\":true,\"message\":\"Phone number is not valid\",\"global_message\":\"A telefonsz\\u00e1m nem \\u00e9rv\\u00e9nyes\"}},\"description\":{\"required\":{\"value\":false,\"message\":\"This field is required\",\"global_message\":\"Ez egy k\\u00f6telez\\u0151 mez\\u0151\",\"global\":true}},\"terms-n-condition\":{\"required\":{\"value\":true,\"message\":\"This field is required\",\"global_message\":\"Ez egy k\\u00f6telez\\u0151 mez\\u0151\",\"global\":true}}},\"debounce_time\":300};\n                            <\/script>\n                        <\/div>\n\n            \t\t\t\t<\/div>\n\t\t\t\t<\/div>\n\t\t\t\t\t<\/div>\n\t\t<\/div>\n\t\t\t\t\t<\/div>\n\t\t<\/section>\n\t\t\t\t<\/div>\n\t\t","protected":false},"excerpt":{"rendered":"<p>Contact us If you have any questions about our services, would like a quote or need support with your transport and logistics processes, our team is ready to help. EXW Hungary Kft. fast, accurate and transparent communication is of the utmost importance to the EU. All inquiries will be processed within a short time and [&hellip;]<\/p>\n","protected":false},"author":3,"featured_media":301,"parent":0,"menu_order":0,"comment_status":"closed","ping_status":"closed","template":"","meta":{"footnotes":""},"class_list":["post-300","page","type-page","status-publish","has-post-thumbnail","hentry"],"yoast_head":"<!-- This site is optimized with the Yoast SEO Premium plugin v26.7 (Yoast SEO v26.7) - https:\/\/yoast.com\/wordpress\/plugins\/seo\/ -->\n<title>Contact - EXW Hungary<\/title>\n<meta name=\"description\" content=\"Contact EXW Hungary Kft. with experts! Ask for an individual transport offer or enquire about our logistics services. Quick response.\" \/>\n<meta name=\"robots\" content=\"noindex, follow, max-snippet:-1, max-image-preview:large, max-video-preview:-1\" \/>\n<meta property=\"og:locale\" content=\"en_US\" \/>\n<meta property=\"og:type\" content=\"article\" \/>\n<meta property=\"og:title\" content=\"Contact\" \/>\n<meta property=\"og:description\" content=\"Contact EXW Hungary Kft. with experts! Ask for an individual transport offer or enquire about our logistics services. Quick response.\" \/>\n<meta property=\"og:url\" content=\"https:\/\/exwhungary.com\/en\/contact\/\" \/>\n<meta property=\"og:site_name\" content=\"EXW Hungary\" \/>\n<meta property=\"article:modified_time\" content=\"2026-02-12T23:00:57+00:00\" \/>\n<meta property=\"og:image\" content=\"https:\/\/exwhungary.com\/wp-content\/uploads\/2026\/01\/cropped-cropped-EXW-logo-scaled-1.png\" \/>\n\t<meta property=\"og:image:width\" content=\"512\" \/>\n\t<meta property=\"og:image:height\" content=\"512\" \/>\n\t<meta property=\"og:image:type\" content=\"image\/png\" \/>\n<meta name=\"twitter:card\" content=\"summary_large_image\" \/>\n<meta name=\"twitter:label1\" content=\"Est. reading time\" \/>\n\t<meta name=\"twitter:data1\" content=\"1 minute\" \/>\n<script type=\"application\/ld+json\" class=\"yoast-schema-graph\">{\"@context\":\"https:\/\/schema.org\",\"@graph\":[{\"@type\":\"WebPage\",\"@id\":\"https:\/\/exwhungary.com\/en\/contact\/\",\"url\":\"https:\/\/exwhungary.com\/en\/contact\/\",\"name\":\"Contact - EXW Hungary\",\"isPartOf\":{\"@id\":\"https:\/\/exwhungary.com\/en\/#website\"},\"primaryImageOfPage\":{\"@id\":\"https:\/\/exwhungary.com\/en\/contact\/#primaryimage\"},\"image\":{\"@id\":\"https:\/\/exwhungary.com\/en\/contact\/#primaryimage\"},\"thumbnailUrl\":\"https:\/\/exwhungary.com\/wp-content\/uploads\/2026\/01\/cropped-cropped-EXW-logo-scaled-1.png\",\"datePublished\":\"2026-01-13T15:45:52+00:00\",\"dateModified\":\"2026-02-12T23:00:57+00:00\",\"description\":\"Contact EXW Hungary Kft. with experts! Ask for an individual transport offer or enquire about our logistics services. Quick response.\",\"breadcrumb\":{\"@id\":\"https:\/\/exwhungary.com\/en\/contact\/#breadcrumb\"},\"inLanguage\":\"en-US\",\"potentialAction\":[{\"@type\":\"ReadAction\",\"target\":[\"https:\/\/exwhungary.com\/en\/contact\/\"]}]},{\"@type\":\"ImageObject\",\"inLanguage\":\"en-US\",\"@id\":\"https:\/\/exwhungary.com\/en\/contact\/#primaryimage\",\"url\":\"https:\/\/exwhungary.com\/wp-content\/uploads\/2026\/01\/cropped-cropped-EXW-logo-scaled-1.png\",\"contentUrl\":\"https:\/\/exwhungary.com\/wp-content\/uploads\/2026\/01\/cropped-cropped-EXW-logo-scaled-1.png\",\"width\":512,\"height\":512,\"caption\":\"EXW Hungary Kft.\"},{\"@type\":\"BreadcrumbList\",\"@id\":\"https:\/\/exwhungary.com\/en\/contact\/#breadcrumb\",\"itemListElement\":[{\"@type\":\"ListItem\",\"position\":1,\"name\":\"Kezd\u0151lap\",\"item\":\"https:\/\/exwhungary.com\/en\/\"},{\"@type\":\"ListItem\",\"position\":2,\"name\":\"Contact\"}]},{\"@type\":\"WebSite\",\"@id\":\"https:\/\/exwhungary.com\/en\/#website\",\"url\":\"https:\/\/exwhungary.com\/en\/\",\"name\":\"EXW Hungary\",\"description\":\"Nemzetk\u00f6zi sz\u00e1ll\u00edtm\u00e1nyoz\u00e1s \u00e9s logisztikai megold\u00e1sok\",\"publisher\":{\"@id\":\"https:\/\/exwhungary.com\/en\/#organization\"},\"potentialAction\":[{\"@type\":\"SearchAction\",\"target\":{\"@type\":\"EntryPoint\",\"urlTemplate\":\"https:\/\/exwhungary.com\/en\/?s={search_term_string}\"},\"query-input\":{\"@type\":\"PropertyValueSpecification\",\"valueRequired\":true,\"valueName\":\"search_term_string\"}}],\"inLanguage\":\"en-US\"},{\"@type\":\"Organization\",\"@id\":\"https:\/\/exwhungary.com\/en\/#organization\",\"name\":\"EXW Hungary\",\"url\":\"https:\/\/exwhungary.com\/en\/\",\"logo\":{\"@type\":\"ImageObject\",\"inLanguage\":\"en-US\",\"@id\":\"https:\/\/exwhungary.com\/en\/#\/schema\/logo\/image\/\",\"url\":\"https:\/\/exwhungary.com\/wp-content\/uploads\/2026\/01\/cropped-EXW-logo-scaled-1.png\",\"contentUrl\":\"https:\/\/exwhungary.com\/wp-content\/uploads\/2026\/01\/cropped-EXW-logo-scaled-1.png\",\"width\":1807,\"height\":2095,\"caption\":\"EXW Hungary\"},\"image\":{\"@id\":\"https:\/\/exwhungary.com\/en\/#\/schema\/logo\/image\/\"}}]}<\/script>\n<!-- \/ Yoast SEO Premium plugin. -->","yoast_head_json":{"title":"Contact - EXW Hungary","description":"Contact EXW Hungary Kft. with experts! Ask for an individual transport offer or enquire about our logistics services. Quick response.","robots":{"index":"noindex","follow":"follow","max-snippet":"max-snippet:-1","max-image-preview":"max-image-preview:large","max-video-preview":"max-video-preview:-1"},"og_locale":"en_US","og_type":"article","og_title":"Contact","og_description":"Contact EXW Hungary Kft. with experts! Ask for an individual transport offer or enquire about our logistics services. Quick response.","og_url":"https:\/\/exwhungary.com\/en\/contact\/","og_site_name":"EXW Hungary","article_modified_time":"2026-02-12T23:00:57+00:00","og_image":[{"width":512,"height":512,"url":"https:\/\/exwhungary.com\/wp-content\/uploads\/2026\/01\/cropped-cropped-EXW-logo-scaled-1.png","type":"image\/png"}],"twitter_card":"summary_large_image","twitter_misc":{"Est. reading time":"1 minute"},"schema":{"@context":"https:\/\/schema.org","@graph":[{"@type":"WebPage","@id":"https:\/\/exwhungary.com\/en\/contact\/","url":"https:\/\/exwhungary.com\/en\/contact\/","name":"Contact - EXW Hungary","isPartOf":{"@id":"https:\/\/exwhungary.com\/en\/#website"},"primaryImageOfPage":{"@id":"https:\/\/exwhungary.com\/en\/contact\/#primaryimage"},"image":{"@id":"https:\/\/exwhungary.com\/en\/contact\/#primaryimage"},"thumbnailUrl":"https:\/\/exwhungary.com\/wp-content\/uploads\/2026\/01\/cropped-cropped-EXW-logo-scaled-1.png","datePublished":"2026-01-13T15:45:52+00:00","dateModified":"2026-02-12T23:00:57+00:00","description":"Contact EXW Hungary Kft. with experts! Ask for an individual transport offer or enquire about our logistics services. Quick response.","breadcrumb":{"@id":"https:\/\/exwhungary.com\/en\/contact\/#breadcrumb"},"inLanguage":"en-US","potentialAction":[{"@type":"ReadAction","target":["https:\/\/exwhungary.com\/en\/contact\/"]}]},{"@type":"ImageObject","inLanguage":"en-US","@id":"https:\/\/exwhungary.com\/en\/contact\/#primaryimage","url":"https:\/\/exwhungary.com\/wp-content\/uploads\/2026\/01\/cropped-cropped-EXW-logo-scaled-1.png","contentUrl":"https:\/\/exwhungary.com\/wp-content\/uploads\/2026\/01\/cropped-cropped-EXW-logo-scaled-1.png","width":512,"height":512,"caption":"EXW Hungary Kft."},{"@type":"BreadcrumbList","@id":"https:\/\/exwhungary.com\/en\/contact\/#breadcrumb","itemListElement":[{"@type":"ListItem","position":1,"name":"Kezd\u0151lap","item":"https:\/\/exwhungary.com\/en\/"},{"@type":"ListItem","position":2,"name":"Contact"}]},{"@type":"WebSite","@id":"https:\/\/exwhungary.com\/en\/#website","url":"https:\/\/exwhungary.com\/en\/","name":"EXW Hungary","description":"Nemzetk\u00f6zi sz\u00e1ll\u00edtm\u00e1nyoz\u00e1s \u00e9s logisztikai megold\u00e1sok","publisher":{"@id":"https:\/\/exwhungary.com\/en\/#organization"},"potentialAction":[{"@type":"SearchAction","target":{"@type":"EntryPoint","urlTemplate":"https:\/\/exwhungary.com\/en\/?s={search_term_string}"},"query-input":{"@type":"PropertyValueSpecification","valueRequired":true,"valueName":"search_term_string"}}],"inLanguage":"en-US"},{"@type":"Organization","@id":"https:\/\/exwhungary.com\/en\/#organization","name":"EXW Hungary","url":"https:\/\/exwhungary.com\/en\/","logo":{"@type":"ImageObject","inLanguage":"en-US","@id":"https:\/\/exwhungary.com\/en\/#\/schema\/logo\/image\/","url":"https:\/\/exwhungary.com\/wp-content\/uploads\/2026\/01\/cropped-EXW-logo-scaled-1.png","contentUrl":"https:\/\/exwhungary.com\/wp-content\/uploads\/2026\/01\/cropped-EXW-logo-scaled-1.png","width":1807,"height":2095,"caption":"EXW Hungary"},"image":{"@id":"https:\/\/exwhungary.com\/en\/#\/schema\/logo\/image\/"}}]}},"_links":{"self":[{"href":"https:\/\/exwhungary.com\/en\/wp-json\/wp\/v2\/pages\/300","targetHints":{"allow":["GET"]}}],"collection":[{"href":"https:\/\/exwhungary.com\/en\/wp-json\/wp\/v2\/pages"}],"about":[{"href":"https:\/\/exwhungary.com\/en\/wp-json\/wp\/v2\/types\/page"}],"author":[{"embeddable":true,"href":"https:\/\/exwhungary.com\/en\/wp-json\/wp\/v2\/users\/3"}],"replies":[{"embeddable":true,"href":"https:\/\/exwhungary.com\/en\/wp-json\/wp\/v2\/comments?post=300"}],"version-history":[{"count":5,"href":"https:\/\/exwhungary.com\/en\/wp-json\/wp\/v2\/pages\/300\/revisions"}],"predecessor-version":[{"id":431,"href":"https:\/\/exwhungary.com\/en\/wp-json\/wp\/v2\/pages\/300\/revisions\/431"}],"wp:featuredmedia":[{"embeddable":true,"href":"https:\/\/exwhungary.com\/en\/wp-json\/wp\/v2\/media\/301"}],"wp:attachment":[{"href":"https:\/\/exwhungary.com\/en\/wp-json\/wp\/v2\/media?parent=300"}],"curies":[{"name":"wp","href":"https:\/\/api.w.org\/{rel}","templated":true}]}}