{"id":296,"date":"2025-11-08T08:04:53","date_gmt":"2025-11-08T07:04:53","guid":{"rendered":"https:\/\/exwhungary.com\/masthead\/"},"modified":"2026-02-12T17:13:36","modified_gmt":"2026-02-12T16:13:36","slug":"masthead","status":"publish","type":"page","link":"https:\/\/exwhungary.com\/en\/masthead\/","title":{"rendered":"masthead"},"content":{"rendered":"\t\t<div data-elementor-type=\"wp-page\" data-elementor-id=\"296\" class=\"elementor elementor-296 elementor-28\" data-elementor-settings=\"{&quot;element_pack_global_tooltip_width&quot;:{&quot;unit&quot;:&quot;px&quot;,&quot;size&quot;:&quot;&quot;,&quot;sizes&quot;:[]},&quot;element_pack_global_tooltip_width_tablet&quot;:{&quot;unit&quot;:&quot;px&quot;,&quot;size&quot;:&quot;&quot;,&quot;sizes&quot;:[]},&quot;element_pack_global_tooltip_width_mobile&quot;:{&quot;unit&quot;:&quot;px&quot;,&quot;size&quot;:&quot;&quot;,&quot;sizes&quot;:[]},&quot;element_pack_global_tooltip_padding&quot;:{&quot;unit&quot;:&quot;px&quot;,&quot;top&quot;:&quot;&quot;,&quot;right&quot;:&quot;&quot;,&quot;bottom&quot;:&quot;&quot;,&quot;left&quot;:&quot;&quot;,&quot;isLinked&quot;:true},&quot;element_pack_global_tooltip_padding_tablet&quot;:{&quot;unit&quot;:&quot;px&quot;,&quot;top&quot;:&quot;&quot;,&quot;right&quot;:&quot;&quot;,&quot;bottom&quot;:&quot;&quot;,&quot;left&quot;:&quot;&quot;,&quot;isLinked&quot;:true},&quot;element_pack_global_tooltip_padding_mobile&quot;:{&quot;unit&quot;:&quot;px&quot;,&quot;top&quot;:&quot;&quot;,&quot;right&quot;:&quot;&quot;,&quot;bottom&quot;:&quot;&quot;,&quot;left&quot;:&quot;&quot;,&quot;isLinked&quot;:true},&quot;element_pack_global_tooltip_border_radius&quot;:{&quot;unit&quot;:&quot;px&quot;,&quot;top&quot;:&quot;&quot;,&quot;right&quot;:&quot;&quot;,&quot;bottom&quot;:&quot;&quot;,&quot;left&quot;:&quot;&quot;,&quot;isLinked&quot;:true},&quot;element_pack_global_tooltip_border_radius_tablet&quot;:{&quot;unit&quot;:&quot;px&quot;,&quot;top&quot;:&quot;&quot;,&quot;right&quot;:&quot;&quot;,&quot;bottom&quot;:&quot;&quot;,&quot;left&quot;:&quot;&quot;,&quot;isLinked&quot;:true},&quot;element_pack_global_tooltip_border_radius_mobile&quot;:{&quot;unit&quot;:&quot;px&quot;,&quot;top&quot;:&quot;&quot;,&quot;right&quot;:&quot;&quot;,&quot;bottom&quot;:&quot;&quot;,&quot;left&quot;:&quot;&quot;,&quot;isLinked&quot;:true}}\" data-elementor-post-type=\"page\">\n\t\t\t\t\t\t<section class=\"elementor-section elementor-top-section elementor-element elementor-element-d6cfd9c elementor-section-boxed elementor-section-height-default elementor-section-height-default\" data-id=\"d6cfd9c\" data-element_type=\"section\">\n\t\t\t\t\t\t<div class=\"elementor-container elementor-column-gap-default\">\n\t\t\t\t\t<div class=\"elementor-column elementor-col-50 elementor-top-column elementor-element elementor-element-094c310\" data-id=\"094c310\" data-element_type=\"column\">\n\t\t\t<div class=\"elementor-widget-wrap elementor-element-populated\">\n\t\t\t\t\t\t<div class=\"elementor-element elementor-element-38bb129 elementor-widget elementor-widget-text-editor\" data-id=\"38bb129\" data-element_type=\"widget\" data-widget_type=\"text-editor.default\">\n\t\t\t\t\t\t\t\t\t<h2><strong>Company data:<\/strong><\/h2><div><strong>Name:<\/strong> EXW Hungary Kft.<strong><br>Registered office:<\/strong> 2100 G\u00f6d\u00f6ll\u0151, C\u00edmer utca 29<br><strong>Tax number:<\/strong> 28760920-2-13<\/div><div><strong>e-mail address:<\/strong> info@exwcorp.com<\/div><div><strong>Phone number:<\/strong> 06703668868<\/div>\t\t\t\t\t\t\t\t<\/div>\n\t\t\t\t\t<\/div>\n\t\t<\/div>\n\t\t\t\t<div class=\"elementor-column elementor-col-50 elementor-top-column elementor-element elementor-element-6b81e8d\" data-id=\"6b81e8d\" data-element_type=\"column\">\n\t\t\t<div class=\"elementor-widget-wrap elementor-element-populated\">\n\t\t\t\t\t\t<div class=\"elementor-element elementor-element-2f40908 elementor-widget elementor-widget-text-editor\" data-id=\"2f40908\" data-element_type=\"widget\" data-widget_type=\"text-editor.default\">\n\t\t\t\t\t\t\t\t\t<div class=\"elementor-element elementor-element-058845c elementor-widget elementor-widget-heading\" data-id=\"058845c\" data-element_type=\"widget\" data-widget_type=\"heading.default\"><h2 class=\"elementor-heading-title elementor-size-default\">Details of the hosting provider:<\/h2><\/div><div class=\"elementor-element elementor-element-07f6764 elementor-widget elementor-widget-text-editor\" data-id=\"07f6764\" data-element_type=\"widget\" data-widget_type=\"text-editor.default\"><div><b>Name:<\/b> Mazuri Marketing Ltd.<\/div><div><b>Location: <\/b>5008 Szolnok, Karinthy Frigyes \u00fat 40.<\/div><div><strong>Company registration number:<\/strong> 16-09-020633<\/div><div><b>Tax number:<\/b> 25482360-2-16<\/div><\/div><p> <\/p>\t\t\t\t\t\t\t\t<\/div>\n\t\t\t\t\t<\/div>\n\t\t<\/div>\n\t\t\t\t\t<\/div>\n\t\t<\/section>\n\t\t\t\t<\/div>\n\t\t","protected":false},"excerpt":{"rendered":"<p>Company data: Name: EXW Hungary Kft.Registered office: 2100 G\u00f6d\u00f6ll\u0151, C\u00edmer utca 29Tax number: 28760920-2-13e-mail address: info@exwcorp.comPhone number: 06703668868 Details of the hosting provider: Name: Mazuri Marketing Ltd.Location: 5008 Szolnok, Karinthy Frigyes \u00fat 40.Company registration number: 16-09-020633Tax number: 25482360-2-16<\/p>\n","protected":false},"author":1,"featured_media":0,"parent":0,"menu_order":0,"comment_status":"closed","ping_status":"closed","template":"","meta":{"footnotes":""},"class_list":["post-296","page","type-page","status-publish","hentry"],"yoast_head":"<!-- This site is optimized with the Yoast SEO Premium plugin v26.7 (Yoast SEO v26.7) - https:\/\/yoast.com\/wordpress\/plugins\/seo\/ -->\n<title>masthead - EXW Hungary<\/title>\n<meta name=\"robots\" content=\"noindex, follow, max-snippet:-1, max-image-preview:large, max-video-preview:-1\" \/>\n<meta property=\"og:locale\" content=\"en_US\" \/>\n<meta property=\"og:type\" content=\"article\" \/>\n<meta property=\"og:title\" content=\"masthead\" \/>\n<meta property=\"og:description\" content=\"Company data: Name: EXW Hungary Kft.Registered office: 2100 G\u00f6d\u00f6ll\u0151, C\u00edmer utca 29Tax number: 28760920-2-13e-mail address: info@exwcorp.comPhone number: 06703668868 Details of the hosting provider: Name: Mazuri Marketing Ltd.Location: 5008 Szolnok, Karinthy Frigyes \u00fat 40.Company registration number: 16-09-020633Tax number: 25482360-2-16\" \/>\n<meta property=\"og:url\" content=\"https:\/\/exwhungary.com\/en\/masthead\/\" \/>\n<meta property=\"og:site_name\" content=\"EXW Hungary\" \/>\n<meta property=\"article:modified_time\" content=\"2026-02-12T16:13:36+00:00\" \/>\n<meta name=\"twitter:card\" content=\"summary_large_image\" \/>\n<script type=\"application\/ld+json\" class=\"yoast-schema-graph\">{\"@context\":\"https:\/\/schema.org\",\"@graph\":[{\"@type\":\"WebPage\",\"@id\":\"https:\/\/exwhungary.com\/en\/masthead\/\",\"url\":\"https:\/\/exwhungary.com\/en\/masthead\/\",\"name\":\"masthead - EXW Hungary\",\"isPartOf\":{\"@id\":\"https:\/\/exwhungary.com\/en\/#website\"},\"datePublished\":\"2025-11-08T07:04:53+00:00\",\"dateModified\":\"2026-02-12T16:13:36+00:00\",\"breadcrumb\":{\"@id\":\"https:\/\/exwhungary.com\/en\/masthead\/#breadcrumb\"},\"inLanguage\":\"en-US\",\"potentialAction\":[{\"@type\":\"ReadAction\",\"target\":[\"https:\/\/exwhungary.com\/en\/masthead\/\"]}]},{\"@type\":\"BreadcrumbList\",\"@id\":\"https:\/\/exwhungary.com\/en\/masthead\/#breadcrumb\",\"itemListElement\":[{\"@type\":\"ListItem\",\"position\":1,\"name\":\"Kezd\u0151lap\",\"item\":\"https:\/\/exwhungary.com\/en\/\"},{\"@type\":\"ListItem\",\"position\":2,\"name\":\"masthead\"}]},{\"@type\":\"WebSite\",\"@id\":\"https:\/\/exwhungary.com\/en\/#website\",\"url\":\"https:\/\/exwhungary.com\/en\/\",\"name\":\"EXW Hungary\",\"description\":\"Nemzetk\u00f6zi sz\u00e1ll\u00edtm\u00e1nyoz\u00e1s \u00e9s logisztikai megold\u00e1sok\",\"publisher\":{\"@id\":\"https:\/\/exwhungary.com\/en\/#organization\"},\"potentialAction\":[{\"@type\":\"SearchAction\",\"target\":{\"@type\":\"EntryPoint\",\"urlTemplate\":\"https:\/\/exwhungary.com\/en\/?s={search_term_string}\"},\"query-input\":{\"@type\":\"PropertyValueSpecification\",\"valueRequired\":true,\"valueName\":\"search_term_string\"}}],\"inLanguage\":\"en-US\"},{\"@type\":\"Organization\",\"@id\":\"https:\/\/exwhungary.com\/en\/#organization\",\"name\":\"EXW Hungary\",\"url\":\"https:\/\/exwhungary.com\/en\/\",\"logo\":{\"@type\":\"ImageObject\",\"inLanguage\":\"en-US\",\"@id\":\"https:\/\/exwhungary.com\/en\/#\/schema\/logo\/image\/\",\"url\":\"https:\/\/exwhungary.com\/wp-content\/uploads\/2026\/01\/cropped-EXW-logo-scaled-1.png\",\"contentUrl\":\"https:\/\/exwhungary.com\/wp-content\/uploads\/2026\/01\/cropped-EXW-logo-scaled-1.png\",\"width\":1807,\"height\":2095,\"caption\":\"EXW Hungary\"},\"image\":{\"@id\":\"https:\/\/exwhungary.com\/en\/#\/schema\/logo\/image\/\"}}]}<\/script>\n<!-- \/ Yoast SEO Premium plugin. -->","yoast_head_json":{"title":"masthead - EXW Hungary","robots":{"index":"noindex","follow":"follow","max-snippet":"max-snippet:-1","max-image-preview":"max-image-preview:large","max-video-preview":"max-video-preview:-1"},"og_locale":"en_US","og_type":"article","og_title":"masthead","og_description":"Company data: Name: EXW Hungary Kft.Registered office: 2100 G\u00f6d\u00f6ll\u0151, C\u00edmer utca 29Tax number: 28760920-2-13e-mail address: info@exwcorp.comPhone number: 06703668868 Details of the hosting provider: Name: Mazuri Marketing Ltd.Location: 5008 Szolnok, Karinthy Frigyes \u00fat 40.Company registration number: 16-09-020633Tax number: 25482360-2-16","og_url":"https:\/\/exwhungary.com\/en\/masthead\/","og_site_name":"EXW Hungary","article_modified_time":"2026-02-12T16:13:36+00:00","twitter_card":"summary_large_image","schema":{"@context":"https:\/\/schema.org","@graph":[{"@type":"WebPage","@id":"https:\/\/exwhungary.com\/en\/masthead\/","url":"https:\/\/exwhungary.com\/en\/masthead\/","name":"masthead - EXW Hungary","isPartOf":{"@id":"https:\/\/exwhungary.com\/en\/#website"},"datePublished":"2025-11-08T07:04:53+00:00","dateModified":"2026-02-12T16:13:36+00:00","breadcrumb":{"@id":"https:\/\/exwhungary.com\/en\/masthead\/#breadcrumb"},"inLanguage":"en-US","potentialAction":[{"@type":"ReadAction","target":["https:\/\/exwhungary.com\/en\/masthead\/"]}]},{"@type":"BreadcrumbList","@id":"https:\/\/exwhungary.com\/en\/masthead\/#breadcrumb","itemListElement":[{"@type":"ListItem","position":1,"name":"Kezd\u0151lap","item":"https:\/\/exwhungary.com\/en\/"},{"@type":"ListItem","position":2,"name":"masthead"}]},{"@type":"WebSite","@id":"https:\/\/exwhungary.com\/en\/#website","url":"https:\/\/exwhungary.com\/en\/","name":"EXW Hungary","description":"Nemzetk\u00f6zi sz\u00e1ll\u00edtm\u00e1nyoz\u00e1s \u00e9s logisztikai megold\u00e1sok","publisher":{"@id":"https:\/\/exwhungary.com\/en\/#organization"},"potentialAction":[{"@type":"SearchAction","target":{"@type":"EntryPoint","urlTemplate":"https:\/\/exwhungary.com\/en\/?s={search_term_string}"},"query-input":{"@type":"PropertyValueSpecification","valueRequired":true,"valueName":"search_term_string"}}],"inLanguage":"en-US"},{"@type":"Organization","@id":"https:\/\/exwhungary.com\/en\/#organization","name":"EXW Hungary","url":"https:\/\/exwhungary.com\/en\/","logo":{"@type":"ImageObject","inLanguage":"en-US","@id":"https:\/\/exwhungary.com\/en\/#\/schema\/logo\/image\/","url":"https:\/\/exwhungary.com\/wp-content\/uploads\/2026\/01\/cropped-EXW-logo-scaled-1.png","contentUrl":"https:\/\/exwhungary.com\/wp-content\/uploads\/2026\/01\/cropped-EXW-logo-scaled-1.png","width":1807,"height":2095,"caption":"EXW Hungary"},"image":{"@id":"https:\/\/exwhungary.com\/en\/#\/schema\/logo\/image\/"}}]}},"_links":{"self":[{"href":"https:\/\/exwhungary.com\/en\/wp-json\/wp\/v2\/pages\/296","targetHints":{"allow":["GET"]}}],"collection":[{"href":"https:\/\/exwhungary.com\/en\/wp-json\/wp\/v2\/pages"}],"about":[{"href":"https:\/\/exwhungary.com\/en\/wp-json\/wp\/v2\/types\/page"}],"author":[{"embeddable":true,"href":"https:\/\/exwhungary.com\/en\/wp-json\/wp\/v2\/users\/1"}],"replies":[{"embeddable":true,"href":"https:\/\/exwhungary.com\/en\/wp-json\/wp\/v2\/comments?post=296"}],"version-history":[{"count":2,"href":"https:\/\/exwhungary.com\/en\/wp-json\/wp\/v2\/pages\/296\/revisions"}],"predecessor-version":[{"id":330,"href":"https:\/\/exwhungary.com\/en\/wp-json\/wp\/v2\/pages\/296\/revisions\/330"}],"wp:attachment":[{"href":"https:\/\/exwhungary.com\/en\/wp-json\/wp\/v2\/media?parent=296"}],"curies":[{"name":"wp","href":"https:\/\/api.w.org\/{rel}","templated":true}]}}